{"id":128,"date":"2020-05-14T15:48:20","date_gmt":"2020-05-14T13:48:20","guid":{"rendered":"https:\/\/www.sion.cz\/ddm\/?page_id=128"},"modified":"2024-06-06T10:57:59","modified_gmt":"2024-06-06T08:57:59","slug":"vytvarny-atelier-pro-nejmensi","status":"publish","type":"page","link":"https:\/\/www.sion.cz\/ddm\/vytvarny-atelier-pro-nejmensi\/","title":{"rendered":"V\u00fdtvarn\u00fd ateli\u00e9r pro dosp\u011bl\u00e9"},"content":{"rendered":"","protected":false},"excerpt":{"rendered":"","protected":false},"author":6,"featured_media":164,"parent":0,"menu_order":0,"comment_status":"closed","ping_status":"closed","template":"","meta":{"_acf_changed":false,"footnotes":""},"class_list":["post-128","page","type-page","status-publish","has-post-thumbnail","hentry"],"acf":[],"yoast_head":"<!-- This site is optimized with the Yoast SEO plugin v27.4 - https:\/\/yoast.com\/product\/yoast-seo-wordpress\/ -->\n<title>V\u00fdtvarn\u00fd ateli\u00e9r pro dosp\u011bl\u00e9 - D\u016fm d\u011bt\u00ed a ml\u00e1de\u017ee<\/title>\n<meta name=\"robots\" content=\"index, follow, max-snippet:-1, max-image-preview:large, max-video-preview:-1\" \/>\n<link rel=\"canonical\" href=\"https:\/\/www.sion.cz\/ddm\/vytvarny-atelier-pro-nejmensi\/\" \/>\n<meta property=\"og:locale\" content=\"cs_CZ\" \/>\n<meta property=\"og:type\" content=\"article\" \/>\n<meta property=\"og:title\" content=\"V\u00fdtvarn\u00fd ateli\u00e9r pro dosp\u011bl\u00e9 - D\u016fm d\u011bt\u00ed a ml\u00e1de\u017ee\" \/>\n<meta property=\"og:url\" content=\"https:\/\/www.sion.cz\/ddm\/vytvarny-atelier-pro-nejmensi\/\" \/>\n<meta property=\"og:site_name\" content=\"D\u016fm d\u011bt\u00ed a ml\u00e1de\u017ee\" \/>\n<meta property=\"article:modified_time\" content=\"2024-06-06T08:57:59+00:00\" \/>\n<meta property=\"og:image\" content=\"https:\/\/www.sion.cz\/ddm\/wp-content\/uploads\/sites\/7\/2020\/08\/vytvarny_atelier_1stupen.jpg\" \/>\n\t<meta property=\"og:image:width\" content=\"1600\" \/>\n\t<meta property=\"og:image:height\" content=\"1199\" \/>\n\t<meta property=\"og:image:type\" content=\"image\/jpeg\" \/>\n<meta name=\"twitter:card\" content=\"summary_large_image\" \/>\n<meta name=\"twitter:label1\" content=\"Odhadovan\u00e1 doba \u010dten\u00ed\" \/>\n\t<meta name=\"twitter:data1\" content=\"1 minuta\" \/>\n<script type=\"application\/ld+json\" class=\"yoast-schema-graph\">{\"@context\":\"https:\\\/\\\/schema.org\",\"@graph\":[{\"@type\":\"WebPage\",\"@id\":\"https:\\\/\\\/www.sion.cz\\\/ddm\\\/vytvarny-atelier-pro-nejmensi\\\/\",\"url\":\"https:\\\/\\\/www.sion.cz\\\/ddm\\\/vytvarny-atelier-pro-nejmensi\\\/\",\"name\":\"V\u00fdtvarn\u00fd ateli\u00e9r pro dosp\u011bl\u00e9 - D\u016fm d\u011bt\u00ed a ml\u00e1de\u017ee\",\"isPartOf\":{\"@id\":\"https:\\\/\\\/www.sion.cz\\\/ddm\\\/#website\"},\"primaryImageOfPage\":{\"@id\":\"https:\\\/\\\/www.sion.cz\\\/ddm\\\/vytvarny-atelier-pro-nejmensi\\\/#primaryimage\"},\"image\":{\"@id\":\"https:\\\/\\\/www.sion.cz\\\/ddm\\\/vytvarny-atelier-pro-nejmensi\\\/#primaryimage\"},\"thumbnailUrl\":\"https:\\\/\\\/www.sion.cz\\\/ddm\\\/wp-content\\\/uploads\\\/sites\\\/7\\\/2020\\\/08\\\/vytvarny_atelier_1stupen.jpg\",\"datePublished\":\"2020-05-14T13:48:20+00:00\",\"dateModified\":\"2024-06-06T08:57:59+00:00\",\"breadcrumb\":{\"@id\":\"https:\\\/\\\/www.sion.cz\\\/ddm\\\/vytvarny-atelier-pro-nejmensi\\\/#breadcrumb\"},\"inLanguage\":\"cs\",\"potentialAction\":[{\"@type\":\"ReadAction\",\"target\":[\"https:\\\/\\\/www.sion.cz\\\/ddm\\\/vytvarny-atelier-pro-nejmensi\\\/\"]}]},{\"@type\":\"ImageObject\",\"inLanguage\":\"cs\",\"@id\":\"https:\\\/\\\/www.sion.cz\\\/ddm\\\/vytvarny-atelier-pro-nejmensi\\\/#primaryimage\",\"url\":\"https:\\\/\\\/www.sion.cz\\\/ddm\\\/wp-content\\\/uploads\\\/sites\\\/7\\\/2020\\\/08\\\/vytvarny_atelier_1stupen.jpg\",\"contentUrl\":\"https:\\\/\\\/www.sion.cz\\\/ddm\\\/wp-content\\\/uploads\\\/sites\\\/7\\\/2020\\\/08\\\/vytvarny_atelier_1stupen.jpg\",\"width\":1600,\"height\":1199},{\"@type\":\"BreadcrumbList\",\"@id\":\"https:\\\/\\\/www.sion.cz\\\/ddm\\\/vytvarny-atelier-pro-nejmensi\\\/#breadcrumb\",\"itemListElement\":[{\"@type\":\"ListItem\",\"position\":1,\"name\":\"Dom\u016f\",\"item\":\"https:\\\/\\\/www.sion.cz\\\/ddm\\\/\"},{\"@type\":\"ListItem\",\"position\":2,\"name\":\"V\u00fdtvarn\u00fd ateli\u00e9r pro dosp\u011bl\u00e9\"}]},{\"@type\":\"WebSite\",\"@id\":\"https:\\\/\\\/www.sion.cz\\\/ddm\\\/#website\",\"url\":\"https:\\\/\\\/www.sion.cz\\\/ddm\\\/\",\"name\":\"D\u016fm d\u011bt\u00ed a ml\u00e1de\u017ee\",\"description\":\"\",\"potentialAction\":[{\"@type\":\"SearchAction\",\"target\":{\"@type\":\"EntryPoint\",\"urlTemplate\":\"https:\\\/\\\/www.sion.cz\\\/ddm\\\/?s={search_term_string}\"},\"query-input\":{\"@type\":\"PropertyValueSpecification\",\"valueRequired\":true,\"valueName\":\"search_term_string\"}}],\"inLanguage\":\"cs\"}]}<\/script>\n<!-- \/ Yoast SEO plugin. -->","yoast_head_json":{"title":"V\u00fdtvarn\u00fd ateli\u00e9r pro dosp\u011bl\u00e9 - D\u016fm d\u011bt\u00ed a ml\u00e1de\u017ee","robots":{"index":"index","follow":"follow","max-snippet":"max-snippet:-1","max-image-preview":"max-image-preview:large","max-video-preview":"max-video-preview:-1"},"canonical":"https:\/\/www.sion.cz\/ddm\/vytvarny-atelier-pro-nejmensi\/","og_locale":"cs_CZ","og_type":"article","og_title":"V\u00fdtvarn\u00fd ateli\u00e9r pro dosp\u011bl\u00e9 - D\u016fm d\u011bt\u00ed a ml\u00e1de\u017ee","og_url":"https:\/\/www.sion.cz\/ddm\/vytvarny-atelier-pro-nejmensi\/","og_site_name":"D\u016fm d\u011bt\u00ed a ml\u00e1de\u017ee","article_modified_time":"2024-06-06T08:57:59+00:00","og_image":[{"width":1600,"height":1199,"url":"https:\/\/www.sion.cz\/ddm\/wp-content\/uploads\/sites\/7\/2020\/08\/vytvarny_atelier_1stupen.jpg","type":"image\/jpeg"}],"twitter_card":"summary_large_image","twitter_misc":{"Odhadovan\u00e1 doba \u010dten\u00ed":"1 minuta"},"schema":{"@context":"https:\/\/schema.org","@graph":[{"@type":"WebPage","@id":"https:\/\/www.sion.cz\/ddm\/vytvarny-atelier-pro-nejmensi\/","url":"https:\/\/www.sion.cz\/ddm\/vytvarny-atelier-pro-nejmensi\/","name":"V\u00fdtvarn\u00fd ateli\u00e9r pro dosp\u011bl\u00e9 - D\u016fm d\u011bt\u00ed a ml\u00e1de\u017ee","isPartOf":{"@id":"https:\/\/www.sion.cz\/ddm\/#website"},"primaryImageOfPage":{"@id":"https:\/\/www.sion.cz\/ddm\/vytvarny-atelier-pro-nejmensi\/#primaryimage"},"image":{"@id":"https:\/\/www.sion.cz\/ddm\/vytvarny-atelier-pro-nejmensi\/#primaryimage"},"thumbnailUrl":"https:\/\/www.sion.cz\/ddm\/wp-content\/uploads\/sites\/7\/2020\/08\/vytvarny_atelier_1stupen.jpg","datePublished":"2020-05-14T13:48:20+00:00","dateModified":"2024-06-06T08:57:59+00:00","breadcrumb":{"@id":"https:\/\/www.sion.cz\/ddm\/vytvarny-atelier-pro-nejmensi\/#breadcrumb"},"inLanguage":"cs","potentialAction":[{"@type":"ReadAction","target":["https:\/\/www.sion.cz\/ddm\/vytvarny-atelier-pro-nejmensi\/"]}]},{"@type":"ImageObject","inLanguage":"cs","@id":"https:\/\/www.sion.cz\/ddm\/vytvarny-atelier-pro-nejmensi\/#primaryimage","url":"https:\/\/www.sion.cz\/ddm\/wp-content\/uploads\/sites\/7\/2020\/08\/vytvarny_atelier_1stupen.jpg","contentUrl":"https:\/\/www.sion.cz\/ddm\/wp-content\/uploads\/sites\/7\/2020\/08\/vytvarny_atelier_1stupen.jpg","width":1600,"height":1199},{"@type":"BreadcrumbList","@id":"https:\/\/www.sion.cz\/ddm\/vytvarny-atelier-pro-nejmensi\/#breadcrumb","itemListElement":[{"@type":"ListItem","position":1,"name":"Dom\u016f","item":"https:\/\/www.sion.cz\/ddm\/"},{"@type":"ListItem","position":2,"name":"V\u00fdtvarn\u00fd ateli\u00e9r pro dosp\u011bl\u00e9"}]},{"@type":"WebSite","@id":"https:\/\/www.sion.cz\/ddm\/#website","url":"https:\/\/www.sion.cz\/ddm\/","name":"D\u016fm d\u011bt\u00ed a ml\u00e1de\u017ee","description":"","potentialAction":[{"@type":"SearchAction","target":{"@type":"EntryPoint","urlTemplate":"https:\/\/www.sion.cz\/ddm\/?s={search_term_string}"},"query-input":{"@type":"PropertyValueSpecification","valueRequired":true,"valueName":"search_term_string"}}],"inLanguage":"cs"}]}},"_links":{"self":[{"href":"https:\/\/www.sion.cz\/ddm\/wp-json\/wp\/v2\/pages\/128","targetHints":{"allow":["GET"]}}],"collection":[{"href":"https:\/\/www.sion.cz\/ddm\/wp-json\/wp\/v2\/pages"}],"about":[{"href":"https:\/\/www.sion.cz\/ddm\/wp-json\/wp\/v2\/types\/page"}],"author":[{"embeddable":true,"href":"https:\/\/www.sion.cz\/ddm\/wp-json\/wp\/v2\/users\/6"}],"replies":[{"embeddable":true,"href":"https:\/\/www.sion.cz\/ddm\/wp-json\/wp\/v2\/comments?post=128"}],"version-history":[{"count":14,"href":"https:\/\/www.sion.cz\/ddm\/wp-json\/wp\/v2\/pages\/128\/revisions"}],"predecessor-version":[{"id":1177,"href":"https:\/\/www.sion.cz\/ddm\/wp-json\/wp\/v2\/pages\/128\/revisions\/1177"}],"wp:featuredmedia":[{"embeddable":true,"href":"https:\/\/www.sion.cz\/ddm\/wp-json\/wp\/v2\/media\/164"}],"wp:attachment":[{"href":"https:\/\/www.sion.cz\/ddm\/wp-json\/wp\/v2\/media?parent=128"}],"curies":[{"name":"wp","href":"https:\/\/api.w.org\/{rel}","templated":true}]}}