{"id":1407,"date":"2025-03-11T09:22:56","date_gmt":"2025-03-11T08:22:56","guid":{"rendered":"https:\/\/www.sion.cz\/ddm\/?page_id=1407"},"modified":"2026-02-18T15:29:43","modified_gmt":"2026-02-18T14:29:43","slug":"primestsky-tabor","status":"publish","type":"page","link":"https:\/\/www.sion.cz\/ddm\/primestsky-tabor\/","title":{"rendered":"P\u0159\u00edm\u011bstsk\u00e9 t\u00e1bory"},"content":{"rendered":"","protected":false},"excerpt":{"rendered":"","protected":false},"author":19,"featured_media":1404,"parent":0,"menu_order":0,"comment_status":"closed","ping_status":"closed","template":"","meta":{"_acf_changed":false,"footnotes":""},"class_list":["post-1407","page","type-page","status-publish","has-post-thumbnail","hentry"],"acf":[],"yoast_head":"<!-- This site is optimized with the Yoast SEO plugin v27.4 - https:\/\/yoast.com\/product\/yoast-seo-wordpress\/ -->\n<title>P\u0159\u00edm\u011bstsk\u00e9 t\u00e1bory - D\u016fm d\u011bt\u00ed a ml\u00e1de\u017ee<\/title>\n<meta name=\"description\" content=\"Za\u017eij s n\u00e1mi 5 dn\u00ed ve sv\u011bte \u010dar a kouzel !\" \/>\n<meta name=\"robots\" content=\"index, follow, max-snippet:-1, max-image-preview:large, max-video-preview:-1\" \/>\n<link rel=\"canonical\" href=\"https:\/\/www.sion.cz\/ddm\/primestsky-tabor\/\" \/>\n<meta property=\"og:locale\" content=\"cs_CZ\" \/>\n<meta property=\"og:type\" content=\"article\" \/>\n<meta property=\"og:title\" content=\"P\u0159\u00edm\u011bstsk\u00e9 t\u00e1bory - D\u016fm d\u011bt\u00ed a ml\u00e1de\u017ee\" \/>\n<meta property=\"og:description\" content=\"Za\u017eij s n\u00e1mi 5 dn\u00ed ve sv\u011bte \u010dar a kouzel !\" \/>\n<meta property=\"og:url\" content=\"https:\/\/www.sion.cz\/ddm\/primestsky-tabor\/\" \/>\n<meta property=\"og:site_name\" content=\"D\u016fm d\u011bt\u00ed a ml\u00e1de\u017ee\" \/>\n<meta property=\"article:modified_time\" content=\"2026-02-18T14:29:43+00:00\" \/>\n<meta property=\"og:image\" content=\"https:\/\/www.sion.cz\/ddm\/wp-content\/uploads\/sites\/7\/2025\/03\/455521247_1063996209068587_2273882673629785532_n.jpg\" \/>\n\t<meta property=\"og:image:width\" content=\"2000\" \/>\n\t<meta property=\"og:image:height\" content=\"1500\" \/>\n\t<meta property=\"og:image:type\" content=\"image\/jpeg\" \/>\n<meta name=\"twitter:card\" content=\"summary_large_image\" \/>\n<meta name=\"twitter:label1\" content=\"Odhadovan\u00e1 doba \u010dten\u00ed\" \/>\n\t<meta name=\"twitter:data1\" content=\"1 minuta\" \/>\n<script type=\"application\/ld+json\" class=\"yoast-schema-graph\">{\"@context\":\"https:\\\/\\\/schema.org\",\"@graph\":[{\"@type\":\"WebPage\",\"@id\":\"https:\\\/\\\/www.sion.cz\\\/ddm\\\/primestsky-tabor\\\/\",\"url\":\"https:\\\/\\\/www.sion.cz\\\/ddm\\\/primestsky-tabor\\\/\",\"name\":\"P\u0159\u00edm\u011bstsk\u00e9 t\u00e1bory - D\u016fm d\u011bt\u00ed a ml\u00e1de\u017ee\",\"isPartOf\":{\"@id\":\"https:\\\/\\\/www.sion.cz\\\/ddm\\\/#website\"},\"primaryImageOfPage\":{\"@id\":\"https:\\\/\\\/www.sion.cz\\\/ddm\\\/primestsky-tabor\\\/#primaryimage\"},\"image\":{\"@id\":\"https:\\\/\\\/www.sion.cz\\\/ddm\\\/primestsky-tabor\\\/#primaryimage\"},\"thumbnailUrl\":\"https:\\\/\\\/www.sion.cz\\\/ddm\\\/wp-content\\\/uploads\\\/sites\\\/7\\\/2025\\\/03\\\/455521247_1063996209068587_2273882673629785532_n.jpg\",\"datePublished\":\"2025-03-11T08:22:56+00:00\",\"dateModified\":\"2026-02-18T14:29:43+00:00\",\"description\":\"Za\u017eij s n\u00e1mi 5 dn\u00ed ve sv\u011bte \u010dar a kouzel !\",\"breadcrumb\":{\"@id\":\"https:\\\/\\\/www.sion.cz\\\/ddm\\\/primestsky-tabor\\\/#breadcrumb\"},\"inLanguage\":\"cs\",\"potentialAction\":[{\"@type\":\"ReadAction\",\"target\":[\"https:\\\/\\\/www.sion.cz\\\/ddm\\\/primestsky-tabor\\\/\"]}]},{\"@type\":\"ImageObject\",\"inLanguage\":\"cs\",\"@id\":\"https:\\\/\\\/www.sion.cz\\\/ddm\\\/primestsky-tabor\\\/#primaryimage\",\"url\":\"https:\\\/\\\/www.sion.cz\\\/ddm\\\/wp-content\\\/uploads\\\/sites\\\/7\\\/2025\\\/03\\\/455521247_1063996209068587_2273882673629785532_n.jpg\",\"contentUrl\":\"https:\\\/\\\/www.sion.cz\\\/ddm\\\/wp-content\\\/uploads\\\/sites\\\/7\\\/2025\\\/03\\\/455521247_1063996209068587_2273882673629785532_n.jpg\",\"width\":2000,\"height\":1500},{\"@type\":\"BreadcrumbList\",\"@id\":\"https:\\\/\\\/www.sion.cz\\\/ddm\\\/primestsky-tabor\\\/#breadcrumb\",\"itemListElement\":[{\"@type\":\"ListItem\",\"position\":1,\"name\":\"Dom\u016f\",\"item\":\"https:\\\/\\\/www.sion.cz\\\/ddm\\\/\"},{\"@type\":\"ListItem\",\"position\":2,\"name\":\"P\u0159\u00edm\u011bstsk\u00e9 t\u00e1bory\"}]},{\"@type\":\"WebSite\",\"@id\":\"https:\\\/\\\/www.sion.cz\\\/ddm\\\/#website\",\"url\":\"https:\\\/\\\/www.sion.cz\\\/ddm\\\/\",\"name\":\"D\u016fm d\u011bt\u00ed a ml\u00e1de\u017ee\",\"description\":\"\",\"potentialAction\":[{\"@type\":\"SearchAction\",\"target\":{\"@type\":\"EntryPoint\",\"urlTemplate\":\"https:\\\/\\\/www.sion.cz\\\/ddm\\\/?s={search_term_string}\"},\"query-input\":{\"@type\":\"PropertyValueSpecification\",\"valueRequired\":true,\"valueName\":\"search_term_string\"}}],\"inLanguage\":\"cs\"}]}<\/script>\n<!-- \/ Yoast SEO plugin. -->","yoast_head_json":{"title":"P\u0159\u00edm\u011bstsk\u00e9 t\u00e1bory - D\u016fm d\u011bt\u00ed a ml\u00e1de\u017ee","description":"Za\u017eij s n\u00e1mi 5 dn\u00ed ve sv\u011bte \u010dar a kouzel !","robots":{"index":"index","follow":"follow","max-snippet":"max-snippet:-1","max-image-preview":"max-image-preview:large","max-video-preview":"max-video-preview:-1"},"canonical":"https:\/\/www.sion.cz\/ddm\/primestsky-tabor\/","og_locale":"cs_CZ","og_type":"article","og_title":"P\u0159\u00edm\u011bstsk\u00e9 t\u00e1bory - D\u016fm d\u011bt\u00ed a ml\u00e1de\u017ee","og_description":"Za\u017eij s n\u00e1mi 5 dn\u00ed ve sv\u011bte \u010dar a kouzel !","og_url":"https:\/\/www.sion.cz\/ddm\/primestsky-tabor\/","og_site_name":"D\u016fm d\u011bt\u00ed a ml\u00e1de\u017ee","article_modified_time":"2026-02-18T14:29:43+00:00","og_image":[{"width":2000,"height":1500,"url":"https:\/\/www.sion.cz\/ddm\/wp-content\/uploads\/sites\/7\/2025\/03\/455521247_1063996209068587_2273882673629785532_n.jpg","type":"image\/jpeg"}],"twitter_card":"summary_large_image","twitter_misc":{"Odhadovan\u00e1 doba \u010dten\u00ed":"1 minuta"},"schema":{"@context":"https:\/\/schema.org","@graph":[{"@type":"WebPage","@id":"https:\/\/www.sion.cz\/ddm\/primestsky-tabor\/","url":"https:\/\/www.sion.cz\/ddm\/primestsky-tabor\/","name":"P\u0159\u00edm\u011bstsk\u00e9 t\u00e1bory - D\u016fm d\u011bt\u00ed a ml\u00e1de\u017ee","isPartOf":{"@id":"https:\/\/www.sion.cz\/ddm\/#website"},"primaryImageOfPage":{"@id":"https:\/\/www.sion.cz\/ddm\/primestsky-tabor\/#primaryimage"},"image":{"@id":"https:\/\/www.sion.cz\/ddm\/primestsky-tabor\/#primaryimage"},"thumbnailUrl":"https:\/\/www.sion.cz\/ddm\/wp-content\/uploads\/sites\/7\/2025\/03\/455521247_1063996209068587_2273882673629785532_n.jpg","datePublished":"2025-03-11T08:22:56+00:00","dateModified":"2026-02-18T14:29:43+00:00","description":"Za\u017eij s n\u00e1mi 5 dn\u00ed ve sv\u011bte \u010dar a kouzel !","breadcrumb":{"@id":"https:\/\/www.sion.cz\/ddm\/primestsky-tabor\/#breadcrumb"},"inLanguage":"cs","potentialAction":[{"@type":"ReadAction","target":["https:\/\/www.sion.cz\/ddm\/primestsky-tabor\/"]}]},{"@type":"ImageObject","inLanguage":"cs","@id":"https:\/\/www.sion.cz\/ddm\/primestsky-tabor\/#primaryimage","url":"https:\/\/www.sion.cz\/ddm\/wp-content\/uploads\/sites\/7\/2025\/03\/455521247_1063996209068587_2273882673629785532_n.jpg","contentUrl":"https:\/\/www.sion.cz\/ddm\/wp-content\/uploads\/sites\/7\/2025\/03\/455521247_1063996209068587_2273882673629785532_n.jpg","width":2000,"height":1500},{"@type":"BreadcrumbList","@id":"https:\/\/www.sion.cz\/ddm\/primestsky-tabor\/#breadcrumb","itemListElement":[{"@type":"ListItem","position":1,"name":"Dom\u016f","item":"https:\/\/www.sion.cz\/ddm\/"},{"@type":"ListItem","position":2,"name":"P\u0159\u00edm\u011bstsk\u00e9 t\u00e1bory"}]},{"@type":"WebSite","@id":"https:\/\/www.sion.cz\/ddm\/#website","url":"https:\/\/www.sion.cz\/ddm\/","name":"D\u016fm d\u011bt\u00ed a ml\u00e1de\u017ee","description":"","potentialAction":[{"@type":"SearchAction","target":{"@type":"EntryPoint","urlTemplate":"https:\/\/www.sion.cz\/ddm\/?s={search_term_string}"},"query-input":{"@type":"PropertyValueSpecification","valueRequired":true,"valueName":"search_term_string"}}],"inLanguage":"cs"}]}},"_links":{"self":[{"href":"https:\/\/www.sion.cz\/ddm\/wp-json\/wp\/v2\/pages\/1407","targetHints":{"allow":["GET"]}}],"collection":[{"href":"https:\/\/www.sion.cz\/ddm\/wp-json\/wp\/v2\/pages"}],"about":[{"href":"https:\/\/www.sion.cz\/ddm\/wp-json\/wp\/v2\/types\/page"}],"author":[{"embeddable":true,"href":"https:\/\/www.sion.cz\/ddm\/wp-json\/wp\/v2\/users\/19"}],"replies":[{"embeddable":true,"href":"https:\/\/www.sion.cz\/ddm\/wp-json\/wp\/v2\/comments?post=1407"}],"version-history":[{"count":11,"href":"https:\/\/www.sion.cz\/ddm\/wp-json\/wp\/v2\/pages\/1407\/revisions"}],"predecessor-version":[{"id":2037,"href":"https:\/\/www.sion.cz\/ddm\/wp-json\/wp\/v2\/pages\/1407\/revisions\/2037"}],"wp:featuredmedia":[{"embeddable":true,"href":"https:\/\/www.sion.cz\/ddm\/wp-json\/wp\/v2\/media\/1404"}],"wp:attachment":[{"href":"https:\/\/www.sion.cz\/ddm\/wp-json\/wp\/v2\/media?parent=1407"}],"curies":[{"name":"wp","href":"https:\/\/api.w.org\/{rel}","templated":true}]}}