{"id":1524,"date":"2025-06-16T11:51:34","date_gmt":"2025-06-16T09:51:34","guid":{"rendered":"https:\/\/www.sion.cz\/ddm\/?page_id=1524"},"modified":"2026-02-11T10:31:31","modified_gmt":"2026-02-11T09:31:31","slug":"vytvarny-atelier-pro-predskolaky","status":"publish","type":"page","link":"https:\/\/www.sion.cz\/ddm\/vytvarny-atelier-pro-predskolaky\/","title":{"rendered":"V\u00fdtvarn\u00fd atelier pro p\u0159ed\u0161kol\u00e1ky"},"content":{"rendered":"","protected":false},"excerpt":{"rendered":"","protected":false},"author":23,"featured_media":1679,"parent":0,"menu_order":0,"comment_status":"closed","ping_status":"closed","template":"","meta":{"_acf_changed":false,"footnotes":""},"class_list":["post-1524","page","type-page","status-publish","has-post-thumbnail","hentry"],"acf":[],"yoast_head":"<!-- This site is optimized with the Yoast SEO plugin v27.4 - https:\/\/yoast.com\/product\/yoast-seo-wordpress\/ -->\n<title>V\u00fdtvarn\u00fd atelier pro p\u0159ed\u0161kol\u00e1ky - D\u016fm d\u011bt\u00ed a ml\u00e1de\u017ee<\/title>\n<meta name=\"robots\" content=\"index, follow, max-snippet:-1, max-image-preview:large, max-video-preview:-1\" \/>\n<link rel=\"canonical\" href=\"https:\/\/www.sion.cz\/ddm\/vytvarny-atelier-pro-predskolaky\/\" \/>\n<meta property=\"og:locale\" content=\"cs_CZ\" \/>\n<meta property=\"og:type\" content=\"article\" \/>\n<meta property=\"og:title\" content=\"V\u00fdtvarn\u00fd atelier pro p\u0159ed\u0161kol\u00e1ky - D\u016fm d\u011bt\u00ed a ml\u00e1de\u017ee\" \/>\n<meta property=\"og:url\" content=\"https:\/\/www.sion.cz\/ddm\/vytvarny-atelier-pro-predskolaky\/\" \/>\n<meta property=\"og:site_name\" content=\"D\u016fm d\u011bt\u00ed a ml\u00e1de\u017ee\" \/>\n<meta property=\"article:modified_time\" content=\"2026-02-11T09:31:31+00:00\" \/>\n<meta property=\"og:image\" content=\"https:\/\/www.sion.cz\/ddm\/wp-content\/uploads\/sites\/7\/2025\/07\/dragos-gontariu-54VAb3f1z6w-unsplash-1737873104.jpg\" \/>\n\t<meta property=\"og:image:width\" content=\"1400\" \/>\n\t<meta property=\"og:image:height\" content=\"930\" \/>\n\t<meta property=\"og:image:type\" content=\"image\/jpeg\" \/>\n<meta name=\"twitter:card\" content=\"summary_large_image\" \/>\n<meta name=\"twitter:label1\" content=\"Odhadovan\u00e1 doba \u010dten\u00ed\" \/>\n\t<meta name=\"twitter:data1\" content=\"1 minuta\" \/>\n<script type=\"application\/ld+json\" class=\"yoast-schema-graph\">{\"@context\":\"https:\\\/\\\/schema.org\",\"@graph\":[{\"@type\":\"WebPage\",\"@id\":\"https:\\\/\\\/www.sion.cz\\\/ddm\\\/vytvarny-atelier-pro-predskolaky\\\/\",\"url\":\"https:\\\/\\\/www.sion.cz\\\/ddm\\\/vytvarny-atelier-pro-predskolaky\\\/\",\"name\":\"V\u00fdtvarn\u00fd atelier pro p\u0159ed\u0161kol\u00e1ky - D\u016fm d\u011bt\u00ed a ml\u00e1de\u017ee\",\"isPartOf\":{\"@id\":\"https:\\\/\\\/www.sion.cz\\\/ddm\\\/#website\"},\"primaryImageOfPage\":{\"@id\":\"https:\\\/\\\/www.sion.cz\\\/ddm\\\/vytvarny-atelier-pro-predskolaky\\\/#primaryimage\"},\"image\":{\"@id\":\"https:\\\/\\\/www.sion.cz\\\/ddm\\\/vytvarny-atelier-pro-predskolaky\\\/#primaryimage\"},\"thumbnailUrl\":\"https:\\\/\\\/www.sion.cz\\\/ddm\\\/wp-content\\\/uploads\\\/sites\\\/7\\\/2025\\\/07\\\/dragos-gontariu-54VAb3f1z6w-unsplash-1737873104.jpg\",\"datePublished\":\"2025-06-16T09:51:34+00:00\",\"dateModified\":\"2026-02-11T09:31:31+00:00\",\"breadcrumb\":{\"@id\":\"https:\\\/\\\/www.sion.cz\\\/ddm\\\/vytvarny-atelier-pro-predskolaky\\\/#breadcrumb\"},\"inLanguage\":\"cs\",\"potentialAction\":[{\"@type\":\"ReadAction\",\"target\":[\"https:\\\/\\\/www.sion.cz\\\/ddm\\\/vytvarny-atelier-pro-predskolaky\\\/\"]}]},{\"@type\":\"ImageObject\",\"inLanguage\":\"cs\",\"@id\":\"https:\\\/\\\/www.sion.cz\\\/ddm\\\/vytvarny-atelier-pro-predskolaky\\\/#primaryimage\",\"url\":\"https:\\\/\\\/www.sion.cz\\\/ddm\\\/wp-content\\\/uploads\\\/sites\\\/7\\\/2025\\\/07\\\/dragos-gontariu-54VAb3f1z6w-unsplash-1737873104.jpg\",\"contentUrl\":\"https:\\\/\\\/www.sion.cz\\\/ddm\\\/wp-content\\\/uploads\\\/sites\\\/7\\\/2025\\\/07\\\/dragos-gontariu-54VAb3f1z6w-unsplash-1737873104.jpg\",\"width\":1400,\"height\":930},{\"@type\":\"BreadcrumbList\",\"@id\":\"https:\\\/\\\/www.sion.cz\\\/ddm\\\/vytvarny-atelier-pro-predskolaky\\\/#breadcrumb\",\"itemListElement\":[{\"@type\":\"ListItem\",\"position\":1,\"name\":\"Dom\u016f\",\"item\":\"https:\\\/\\\/www.sion.cz\\\/ddm\\\/\"},{\"@type\":\"ListItem\",\"position\":2,\"name\":\"V\u00fdtvarn\u00fd atelier pro p\u0159ed\u0161kol\u00e1ky\"}]},{\"@type\":\"WebSite\",\"@id\":\"https:\\\/\\\/www.sion.cz\\\/ddm\\\/#website\",\"url\":\"https:\\\/\\\/www.sion.cz\\\/ddm\\\/\",\"name\":\"D\u016fm d\u011bt\u00ed a ml\u00e1de\u017ee\",\"description\":\"\",\"potentialAction\":[{\"@type\":\"SearchAction\",\"target\":{\"@type\":\"EntryPoint\",\"urlTemplate\":\"https:\\\/\\\/www.sion.cz\\\/ddm\\\/?s={search_term_string}\"},\"query-input\":{\"@type\":\"PropertyValueSpecification\",\"valueRequired\":true,\"valueName\":\"search_term_string\"}}],\"inLanguage\":\"cs\"}]}<\/script>\n<!-- \/ Yoast SEO plugin. -->","yoast_head_json":{"title":"V\u00fdtvarn\u00fd atelier pro p\u0159ed\u0161kol\u00e1ky - D\u016fm d\u011bt\u00ed a ml\u00e1de\u017ee","robots":{"index":"index","follow":"follow","max-snippet":"max-snippet:-1","max-image-preview":"max-image-preview:large","max-video-preview":"max-video-preview:-1"},"canonical":"https:\/\/www.sion.cz\/ddm\/vytvarny-atelier-pro-predskolaky\/","og_locale":"cs_CZ","og_type":"article","og_title":"V\u00fdtvarn\u00fd atelier pro p\u0159ed\u0161kol\u00e1ky - D\u016fm d\u011bt\u00ed a ml\u00e1de\u017ee","og_url":"https:\/\/www.sion.cz\/ddm\/vytvarny-atelier-pro-predskolaky\/","og_site_name":"D\u016fm d\u011bt\u00ed a ml\u00e1de\u017ee","article_modified_time":"2026-02-11T09:31:31+00:00","og_image":[{"width":1400,"height":930,"url":"https:\/\/www.sion.cz\/ddm\/wp-content\/uploads\/sites\/7\/2025\/07\/dragos-gontariu-54VAb3f1z6w-unsplash-1737873104.jpg","type":"image\/jpeg"}],"twitter_card":"summary_large_image","twitter_misc":{"Odhadovan\u00e1 doba \u010dten\u00ed":"1 minuta"},"schema":{"@context":"https:\/\/schema.org","@graph":[{"@type":"WebPage","@id":"https:\/\/www.sion.cz\/ddm\/vytvarny-atelier-pro-predskolaky\/","url":"https:\/\/www.sion.cz\/ddm\/vytvarny-atelier-pro-predskolaky\/","name":"V\u00fdtvarn\u00fd atelier pro p\u0159ed\u0161kol\u00e1ky - D\u016fm d\u011bt\u00ed a ml\u00e1de\u017ee","isPartOf":{"@id":"https:\/\/www.sion.cz\/ddm\/#website"},"primaryImageOfPage":{"@id":"https:\/\/www.sion.cz\/ddm\/vytvarny-atelier-pro-predskolaky\/#primaryimage"},"image":{"@id":"https:\/\/www.sion.cz\/ddm\/vytvarny-atelier-pro-predskolaky\/#primaryimage"},"thumbnailUrl":"https:\/\/www.sion.cz\/ddm\/wp-content\/uploads\/sites\/7\/2025\/07\/dragos-gontariu-54VAb3f1z6w-unsplash-1737873104.jpg","datePublished":"2025-06-16T09:51:34+00:00","dateModified":"2026-02-11T09:31:31+00:00","breadcrumb":{"@id":"https:\/\/www.sion.cz\/ddm\/vytvarny-atelier-pro-predskolaky\/#breadcrumb"},"inLanguage":"cs","potentialAction":[{"@type":"ReadAction","target":["https:\/\/www.sion.cz\/ddm\/vytvarny-atelier-pro-predskolaky\/"]}]},{"@type":"ImageObject","inLanguage":"cs","@id":"https:\/\/www.sion.cz\/ddm\/vytvarny-atelier-pro-predskolaky\/#primaryimage","url":"https:\/\/www.sion.cz\/ddm\/wp-content\/uploads\/sites\/7\/2025\/07\/dragos-gontariu-54VAb3f1z6w-unsplash-1737873104.jpg","contentUrl":"https:\/\/www.sion.cz\/ddm\/wp-content\/uploads\/sites\/7\/2025\/07\/dragos-gontariu-54VAb3f1z6w-unsplash-1737873104.jpg","width":1400,"height":930},{"@type":"BreadcrumbList","@id":"https:\/\/www.sion.cz\/ddm\/vytvarny-atelier-pro-predskolaky\/#breadcrumb","itemListElement":[{"@type":"ListItem","position":1,"name":"Dom\u016f","item":"https:\/\/www.sion.cz\/ddm\/"},{"@type":"ListItem","position":2,"name":"V\u00fdtvarn\u00fd atelier pro p\u0159ed\u0161kol\u00e1ky"}]},{"@type":"WebSite","@id":"https:\/\/www.sion.cz\/ddm\/#website","url":"https:\/\/www.sion.cz\/ddm\/","name":"D\u016fm d\u011bt\u00ed a ml\u00e1de\u017ee","description":"","potentialAction":[{"@type":"SearchAction","target":{"@type":"EntryPoint","urlTemplate":"https:\/\/www.sion.cz\/ddm\/?s={search_term_string}"},"query-input":{"@type":"PropertyValueSpecification","valueRequired":true,"valueName":"search_term_string"}}],"inLanguage":"cs"}]}},"_links":{"self":[{"href":"https:\/\/www.sion.cz\/ddm\/wp-json\/wp\/v2\/pages\/1524","targetHints":{"allow":["GET"]}}],"collection":[{"href":"https:\/\/www.sion.cz\/ddm\/wp-json\/wp\/v2\/pages"}],"about":[{"href":"https:\/\/www.sion.cz\/ddm\/wp-json\/wp\/v2\/types\/page"}],"author":[{"embeddable":true,"href":"https:\/\/www.sion.cz\/ddm\/wp-json\/wp\/v2\/users\/23"}],"replies":[{"embeddable":true,"href":"https:\/\/www.sion.cz\/ddm\/wp-json\/wp\/v2\/comments?post=1524"}],"version-history":[{"count":9,"href":"https:\/\/www.sion.cz\/ddm\/wp-json\/wp\/v2\/pages\/1524\/revisions"}],"predecessor-version":[{"id":2024,"href":"https:\/\/www.sion.cz\/ddm\/wp-json\/wp\/v2\/pages\/1524\/revisions\/2024"}],"wp:featuredmedia":[{"embeddable":true,"href":"https:\/\/www.sion.cz\/ddm\/wp-json\/wp\/v2\/media\/1679"}],"wp:attachment":[{"href":"https:\/\/www.sion.cz\/ddm\/wp-json\/wp\/v2\/media?parent=1524"}],"curies":[{"name":"wp","href":"https:\/\/api.w.org\/{rel}","templated":true}]}}