{"id":801,"date":"2023-05-25T16:00:44","date_gmt":"2023-05-25T14:00:44","guid":{"rendered":"https:\/\/www.sion.cz\/ddm\/?page_id=801"},"modified":"2025-09-10T10:23:39","modified_gmt":"2025-09-10T08:23:39","slug":"stolni-tenis","status":"publish","type":"page","link":"https:\/\/www.sion.cz\/ddm\/stolni-tenis\/","title":{"rendered":"Stoln\u00ed tenis 1"},"content":{"rendered":"","protected":false},"excerpt":{"rendered":"","protected":false},"author":6,"featured_media":855,"parent":0,"menu_order":0,"comment_status":"closed","ping_status":"closed","template":"","meta":{"_acf_changed":false,"footnotes":""},"class_list":["post-801","page","type-page","status-publish","has-post-thumbnail","hentry"],"acf":[],"yoast_head":"<!-- This site is optimized with the Yoast SEO plugin v27.4 - https:\/\/yoast.com\/product\/yoast-seo-wordpress\/ -->\n<title>Stoln\u00ed tenis 1 - D\u016fm d\u011bt\u00ed a ml\u00e1de\u017ee<\/title>\n<meta name=\"robots\" content=\"index, follow, max-snippet:-1, max-image-preview:large, max-video-preview:-1\" \/>\n<link rel=\"canonical\" href=\"https:\/\/www.sion.cz\/ddm\/stolni-tenis\/\" \/>\n<meta property=\"og:locale\" content=\"cs_CZ\" \/>\n<meta property=\"og:type\" content=\"article\" \/>\n<meta property=\"og:title\" content=\"Stoln\u00ed tenis 1 - D\u016fm d\u011bt\u00ed a ml\u00e1de\u017ee\" \/>\n<meta property=\"og:url\" content=\"https:\/\/www.sion.cz\/ddm\/stolni-tenis\/\" \/>\n<meta property=\"og:site_name\" content=\"D\u016fm d\u011bt\u00ed a ml\u00e1de\u017ee\" \/>\n<meta property=\"article:modified_time\" content=\"2025-09-10T08:23:39+00:00\" \/>\n<meta property=\"og:image\" content=\"https:\/\/www.sion.cz\/ddm\/wp-content\/uploads\/sites\/7\/2023\/05\/stolnitenis.jpg\" \/>\n\t<meta property=\"og:image:width\" content=\"1601\" \/>\n\t<meta property=\"og:image:height\" content=\"1200\" \/>\n\t<meta property=\"og:image:type\" content=\"image\/jpeg\" \/>\n<meta name=\"twitter:card\" content=\"summary_large_image\" \/>\n<meta name=\"twitter:label1\" content=\"Odhadovan\u00e1 doba \u010dten\u00ed\" \/>\n\t<meta name=\"twitter:data1\" content=\"1 minuta\" \/>\n<script type=\"application\/ld+json\" class=\"yoast-schema-graph\">{\"@context\":\"https:\\\/\\\/schema.org\",\"@graph\":[{\"@type\":\"WebPage\",\"@id\":\"https:\\\/\\\/www.sion.cz\\\/ddm\\\/stolni-tenis\\\/\",\"url\":\"https:\\\/\\\/www.sion.cz\\\/ddm\\\/stolni-tenis\\\/\",\"name\":\"Stoln\u00ed tenis 1 - D\u016fm d\u011bt\u00ed a ml\u00e1de\u017ee\",\"isPartOf\":{\"@id\":\"https:\\\/\\\/www.sion.cz\\\/ddm\\\/#website\"},\"primaryImageOfPage\":{\"@id\":\"https:\\\/\\\/www.sion.cz\\\/ddm\\\/stolni-tenis\\\/#primaryimage\"},\"image\":{\"@id\":\"https:\\\/\\\/www.sion.cz\\\/ddm\\\/stolni-tenis\\\/#primaryimage\"},\"thumbnailUrl\":\"https:\\\/\\\/www.sion.cz\\\/ddm\\\/wp-content\\\/uploads\\\/sites\\\/7\\\/2023\\\/05\\\/stolnitenis.jpg\",\"datePublished\":\"2023-05-25T14:00:44+00:00\",\"dateModified\":\"2025-09-10T08:23:39+00:00\",\"breadcrumb\":{\"@id\":\"https:\\\/\\\/www.sion.cz\\\/ddm\\\/stolni-tenis\\\/#breadcrumb\"},\"inLanguage\":\"cs\",\"potentialAction\":[{\"@type\":\"ReadAction\",\"target\":[\"https:\\\/\\\/www.sion.cz\\\/ddm\\\/stolni-tenis\\\/\"]}]},{\"@type\":\"ImageObject\",\"inLanguage\":\"cs\",\"@id\":\"https:\\\/\\\/www.sion.cz\\\/ddm\\\/stolni-tenis\\\/#primaryimage\",\"url\":\"https:\\\/\\\/www.sion.cz\\\/ddm\\\/wp-content\\\/uploads\\\/sites\\\/7\\\/2023\\\/05\\\/stolnitenis.jpg\",\"contentUrl\":\"https:\\\/\\\/www.sion.cz\\\/ddm\\\/wp-content\\\/uploads\\\/sites\\\/7\\\/2023\\\/05\\\/stolnitenis.jpg\",\"width\":1601,\"height\":1200},{\"@type\":\"BreadcrumbList\",\"@id\":\"https:\\\/\\\/www.sion.cz\\\/ddm\\\/stolni-tenis\\\/#breadcrumb\",\"itemListElement\":[{\"@type\":\"ListItem\",\"position\":1,\"name\":\"Dom\u016f\",\"item\":\"https:\\\/\\\/www.sion.cz\\\/ddm\\\/\"},{\"@type\":\"ListItem\",\"position\":2,\"name\":\"Stoln\u00ed tenis 1\"}]},{\"@type\":\"WebSite\",\"@id\":\"https:\\\/\\\/www.sion.cz\\\/ddm\\\/#website\",\"url\":\"https:\\\/\\\/www.sion.cz\\\/ddm\\\/\",\"name\":\"D\u016fm d\u011bt\u00ed a ml\u00e1de\u017ee\",\"description\":\"\",\"potentialAction\":[{\"@type\":\"SearchAction\",\"target\":{\"@type\":\"EntryPoint\",\"urlTemplate\":\"https:\\\/\\\/www.sion.cz\\\/ddm\\\/?s={search_term_string}\"},\"query-input\":{\"@type\":\"PropertyValueSpecification\",\"valueRequired\":true,\"valueName\":\"search_term_string\"}}],\"inLanguage\":\"cs\"}]}<\/script>\n<!-- \/ Yoast SEO plugin. -->","yoast_head_json":{"title":"Stoln\u00ed tenis 1 - D\u016fm d\u011bt\u00ed a ml\u00e1de\u017ee","robots":{"index":"index","follow":"follow","max-snippet":"max-snippet:-1","max-image-preview":"max-image-preview:large","max-video-preview":"max-video-preview:-1"},"canonical":"https:\/\/www.sion.cz\/ddm\/stolni-tenis\/","og_locale":"cs_CZ","og_type":"article","og_title":"Stoln\u00ed tenis 1 - D\u016fm d\u011bt\u00ed a ml\u00e1de\u017ee","og_url":"https:\/\/www.sion.cz\/ddm\/stolni-tenis\/","og_site_name":"D\u016fm d\u011bt\u00ed a ml\u00e1de\u017ee","article_modified_time":"2025-09-10T08:23:39+00:00","og_image":[{"width":1601,"height":1200,"url":"https:\/\/www.sion.cz\/ddm\/wp-content\/uploads\/sites\/7\/2023\/05\/stolnitenis.jpg","type":"image\/jpeg"}],"twitter_card":"summary_large_image","twitter_misc":{"Odhadovan\u00e1 doba \u010dten\u00ed":"1 minuta"},"schema":{"@context":"https:\/\/schema.org","@graph":[{"@type":"WebPage","@id":"https:\/\/www.sion.cz\/ddm\/stolni-tenis\/","url":"https:\/\/www.sion.cz\/ddm\/stolni-tenis\/","name":"Stoln\u00ed tenis 1 - D\u016fm d\u011bt\u00ed a ml\u00e1de\u017ee","isPartOf":{"@id":"https:\/\/www.sion.cz\/ddm\/#website"},"primaryImageOfPage":{"@id":"https:\/\/www.sion.cz\/ddm\/stolni-tenis\/#primaryimage"},"image":{"@id":"https:\/\/www.sion.cz\/ddm\/stolni-tenis\/#primaryimage"},"thumbnailUrl":"https:\/\/www.sion.cz\/ddm\/wp-content\/uploads\/sites\/7\/2023\/05\/stolnitenis.jpg","datePublished":"2023-05-25T14:00:44+00:00","dateModified":"2025-09-10T08:23:39+00:00","breadcrumb":{"@id":"https:\/\/www.sion.cz\/ddm\/stolni-tenis\/#breadcrumb"},"inLanguage":"cs","potentialAction":[{"@type":"ReadAction","target":["https:\/\/www.sion.cz\/ddm\/stolni-tenis\/"]}]},{"@type":"ImageObject","inLanguage":"cs","@id":"https:\/\/www.sion.cz\/ddm\/stolni-tenis\/#primaryimage","url":"https:\/\/www.sion.cz\/ddm\/wp-content\/uploads\/sites\/7\/2023\/05\/stolnitenis.jpg","contentUrl":"https:\/\/www.sion.cz\/ddm\/wp-content\/uploads\/sites\/7\/2023\/05\/stolnitenis.jpg","width":1601,"height":1200},{"@type":"BreadcrumbList","@id":"https:\/\/www.sion.cz\/ddm\/stolni-tenis\/#breadcrumb","itemListElement":[{"@type":"ListItem","position":1,"name":"Dom\u016f","item":"https:\/\/www.sion.cz\/ddm\/"},{"@type":"ListItem","position":2,"name":"Stoln\u00ed tenis 1"}]},{"@type":"WebSite","@id":"https:\/\/www.sion.cz\/ddm\/#website","url":"https:\/\/www.sion.cz\/ddm\/","name":"D\u016fm d\u011bt\u00ed a ml\u00e1de\u017ee","description":"","potentialAction":[{"@type":"SearchAction","target":{"@type":"EntryPoint","urlTemplate":"https:\/\/www.sion.cz\/ddm\/?s={search_term_string}"},"query-input":{"@type":"PropertyValueSpecification","valueRequired":true,"valueName":"search_term_string"}}],"inLanguage":"cs"}]}},"_links":{"self":[{"href":"https:\/\/www.sion.cz\/ddm\/wp-json\/wp\/v2\/pages\/801","targetHints":{"allow":["GET"]}}],"collection":[{"href":"https:\/\/www.sion.cz\/ddm\/wp-json\/wp\/v2\/pages"}],"about":[{"href":"https:\/\/www.sion.cz\/ddm\/wp-json\/wp\/v2\/types\/page"}],"author":[{"embeddable":true,"href":"https:\/\/www.sion.cz\/ddm\/wp-json\/wp\/v2\/users\/6"}],"replies":[{"embeddable":true,"href":"https:\/\/www.sion.cz\/ddm\/wp-json\/wp\/v2\/comments?post=801"}],"version-history":[{"count":7,"href":"https:\/\/www.sion.cz\/ddm\/wp-json\/wp\/v2\/pages\/801\/revisions"}],"predecessor-version":[{"id":1872,"href":"https:\/\/www.sion.cz\/ddm\/wp-json\/wp\/v2\/pages\/801\/revisions\/1872"}],"wp:featuredmedia":[{"embeddable":true,"href":"https:\/\/www.sion.cz\/ddm\/wp-json\/wp\/v2\/media\/855"}],"wp:attachment":[{"href":"https:\/\/www.sion.cz\/ddm\/wp-json\/wp\/v2\/media?parent=801"}],"curies":[{"name":"wp","href":"https:\/\/api.w.org\/{rel}","templated":true}]}}