{"id":70,"date":"2021-02-16T10:46:57","date_gmt":"2021-02-16T09:46:57","guid":{"rendered":"https:\/\/www.sion.cz\/zakladni-skola\/?page_id=70"},"modified":"2024-09-07T18:33:39","modified_gmt":"2024-09-07T16:33:39","slug":"neco-o-zrizovateli","status":"publish","type":"page","link":"https:\/\/www.sion.cz\/zakladni-skola\/neco-o-zrizovateli\/","title":{"rendered":"N\u011bco o z\u0159izovateli"},"content":{"rendered":"","protected":false},"excerpt":{"rendered":"","protected":false},"author":6,"featured_media":1236,"parent":0,"menu_order":0,"comment_status":"closed","ping_status":"closed","template":"","meta":{"_acf_changed":false,"footnotes":""},"class_list":["post-70","page","type-page","status-publish","has-post-thumbnail","hentry"],"acf":[],"yoast_head":"<!-- This site is optimized with the Yoast SEO plugin v27.4 - https:\/\/yoast.com\/product\/yoast-seo-wordpress\/ -->\n<title>N\u011bco o z\u0159izovateli - Z\u00e1kladn\u00ed \u0161kola<\/title>\n<meta name=\"robots\" content=\"index, follow, max-snippet:-1, max-image-preview:large, max-video-preview:-1\" \/>\n<link rel=\"canonical\" href=\"https:\/\/www.sion.cz\/zakladni-skola\/neco-o-zrizovateli\/\" \/>\n<meta property=\"og:locale\" content=\"cs_CZ\" \/>\n<meta property=\"og:type\" content=\"article\" \/>\n<meta property=\"og:title\" content=\"N\u011bco o z\u0159izovateli - Z\u00e1kladn\u00ed \u0161kola\" \/>\n<meta property=\"og:url\" content=\"https:\/\/www.sion.cz\/zakladni-skola\/neco-o-zrizovateli\/\" \/>\n<meta property=\"og:site_name\" content=\"Z\u00e1kladn\u00ed \u0161kola\" \/>\n<meta property=\"article:modified_time\" content=\"2024-09-07T16:33:39+00:00\" \/>\n<meta property=\"og:image\" content=\"https:\/\/www.sion.cz\/zakladni-skola\/wp-content\/uploads\/sites\/9\/2024\/09\/www2024-61.jpg\" \/>\n\t<meta property=\"og:image:width\" content=\"2048\" \/>\n\t<meta property=\"og:image:height\" content=\"1365\" \/>\n\t<meta property=\"og:image:type\" content=\"image\/jpeg\" \/>\n<meta name=\"twitter:card\" content=\"summary_large_image\" \/>\n<meta name=\"twitter:label1\" content=\"Odhadovan\u00e1 doba \u010dten\u00ed\" \/>\n\t<meta name=\"twitter:data1\" content=\"1 minuta\" \/>\n<script type=\"application\/ld+json\" class=\"yoast-schema-graph\">{\"@context\":\"https:\\\/\\\/schema.org\",\"@graph\":[{\"@type\":\"WebPage\",\"@id\":\"https:\\\/\\\/www.sion.cz\\\/zakladni-skola\\\/neco-o-zrizovateli\\\/\",\"url\":\"https:\\\/\\\/www.sion.cz\\\/zakladni-skola\\\/neco-o-zrizovateli\\\/\",\"name\":\"N\u011bco o z\u0159izovateli - Z\u00e1kladn\u00ed \u0161kola\",\"isPartOf\":{\"@id\":\"https:\\\/\\\/www.sion.cz\\\/zakladni-skola\\\/#website\"},\"primaryImageOfPage\":{\"@id\":\"https:\\\/\\\/www.sion.cz\\\/zakladni-skola\\\/neco-o-zrizovateli\\\/#primaryimage\"},\"image\":{\"@id\":\"https:\\\/\\\/www.sion.cz\\\/zakladni-skola\\\/neco-o-zrizovateli\\\/#primaryimage\"},\"thumbnailUrl\":\"https:\\\/\\\/www.sion.cz\\\/zakladni-skola\\\/wp-content\\\/uploads\\\/sites\\\/9\\\/2024\\\/09\\\/www2024-61.jpg\",\"datePublished\":\"2021-02-16T09:46:57+00:00\",\"dateModified\":\"2024-09-07T16:33:39+00:00\",\"breadcrumb\":{\"@id\":\"https:\\\/\\\/www.sion.cz\\\/zakladni-skola\\\/neco-o-zrizovateli\\\/#breadcrumb\"},\"inLanguage\":\"cs\",\"potentialAction\":[{\"@type\":\"ReadAction\",\"target\":[\"https:\\\/\\\/www.sion.cz\\\/zakladni-skola\\\/neco-o-zrizovateli\\\/\"]}]},{\"@type\":\"ImageObject\",\"inLanguage\":\"cs\",\"@id\":\"https:\\\/\\\/www.sion.cz\\\/zakladni-skola\\\/neco-o-zrizovateli\\\/#primaryimage\",\"url\":\"https:\\\/\\\/www.sion.cz\\\/zakladni-skola\\\/wp-content\\\/uploads\\\/sites\\\/9\\\/2024\\\/09\\\/www2024-61.jpg\",\"contentUrl\":\"https:\\\/\\\/www.sion.cz\\\/zakladni-skola\\\/wp-content\\\/uploads\\\/sites\\\/9\\\/2024\\\/09\\\/www2024-61.jpg\",\"width\":2048,\"height\":1365},{\"@type\":\"BreadcrumbList\",\"@id\":\"https:\\\/\\\/www.sion.cz\\\/zakladni-skola\\\/neco-o-zrizovateli\\\/#breadcrumb\",\"itemListElement\":[{\"@type\":\"ListItem\",\"position\":1,\"name\":\"Dom\u016f\",\"item\":\"https:\\\/\\\/www.sion.cz\\\/zakladni-skola\\\/\"},{\"@type\":\"ListItem\",\"position\":2,\"name\":\"N\u011bco o z\u0159izovateli\"}]},{\"@type\":\"WebSite\",\"@id\":\"https:\\\/\\\/www.sion.cz\\\/zakladni-skola\\\/#website\",\"url\":\"https:\\\/\\\/www.sion.cz\\\/zakladni-skola\\\/\",\"name\":\"Z\u00e1kladn\u00ed \u0161kola\",\"description\":\"\",\"potentialAction\":[{\"@type\":\"SearchAction\",\"target\":{\"@type\":\"EntryPoint\",\"urlTemplate\":\"https:\\\/\\\/www.sion.cz\\\/zakladni-skola\\\/?s={search_term_string}\"},\"query-input\":{\"@type\":\"PropertyValueSpecification\",\"valueRequired\":true,\"valueName\":\"search_term_string\"}}],\"inLanguage\":\"cs\"}]}<\/script>\n<!-- \/ Yoast SEO plugin. -->","yoast_head_json":{"title":"N\u011bco o z\u0159izovateli - Z\u00e1kladn\u00ed \u0161kola","robots":{"index":"index","follow":"follow","max-snippet":"max-snippet:-1","max-image-preview":"max-image-preview:large","max-video-preview":"max-video-preview:-1"},"canonical":"https:\/\/www.sion.cz\/zakladni-skola\/neco-o-zrizovateli\/","og_locale":"cs_CZ","og_type":"article","og_title":"N\u011bco o z\u0159izovateli - Z\u00e1kladn\u00ed \u0161kola","og_url":"https:\/\/www.sion.cz\/zakladni-skola\/neco-o-zrizovateli\/","og_site_name":"Z\u00e1kladn\u00ed \u0161kola","article_modified_time":"2024-09-07T16:33:39+00:00","og_image":[{"width":2048,"height":1365,"url":"https:\/\/www.sion.cz\/zakladni-skola\/wp-content\/uploads\/sites\/9\/2024\/09\/www2024-61.jpg","type":"image\/jpeg"}],"twitter_card":"summary_large_image","twitter_misc":{"Odhadovan\u00e1 doba \u010dten\u00ed":"1 minuta"},"schema":{"@context":"https:\/\/schema.org","@graph":[{"@type":"WebPage","@id":"https:\/\/www.sion.cz\/zakladni-skola\/neco-o-zrizovateli\/","url":"https:\/\/www.sion.cz\/zakladni-skola\/neco-o-zrizovateli\/","name":"N\u011bco o z\u0159izovateli - Z\u00e1kladn\u00ed \u0161kola","isPartOf":{"@id":"https:\/\/www.sion.cz\/zakladni-skola\/#website"},"primaryImageOfPage":{"@id":"https:\/\/www.sion.cz\/zakladni-skola\/neco-o-zrizovateli\/#primaryimage"},"image":{"@id":"https:\/\/www.sion.cz\/zakladni-skola\/neco-o-zrizovateli\/#primaryimage"},"thumbnailUrl":"https:\/\/www.sion.cz\/zakladni-skola\/wp-content\/uploads\/sites\/9\/2024\/09\/www2024-61.jpg","datePublished":"2021-02-16T09:46:57+00:00","dateModified":"2024-09-07T16:33:39+00:00","breadcrumb":{"@id":"https:\/\/www.sion.cz\/zakladni-skola\/neco-o-zrizovateli\/#breadcrumb"},"inLanguage":"cs","potentialAction":[{"@type":"ReadAction","target":["https:\/\/www.sion.cz\/zakladni-skola\/neco-o-zrizovateli\/"]}]},{"@type":"ImageObject","inLanguage":"cs","@id":"https:\/\/www.sion.cz\/zakladni-skola\/neco-o-zrizovateli\/#primaryimage","url":"https:\/\/www.sion.cz\/zakladni-skola\/wp-content\/uploads\/sites\/9\/2024\/09\/www2024-61.jpg","contentUrl":"https:\/\/www.sion.cz\/zakladni-skola\/wp-content\/uploads\/sites\/9\/2024\/09\/www2024-61.jpg","width":2048,"height":1365},{"@type":"BreadcrumbList","@id":"https:\/\/www.sion.cz\/zakladni-skola\/neco-o-zrizovateli\/#breadcrumb","itemListElement":[{"@type":"ListItem","position":1,"name":"Dom\u016f","item":"https:\/\/www.sion.cz\/zakladni-skola\/"},{"@type":"ListItem","position":2,"name":"N\u011bco o z\u0159izovateli"}]},{"@type":"WebSite","@id":"https:\/\/www.sion.cz\/zakladni-skola\/#website","url":"https:\/\/www.sion.cz\/zakladni-skola\/","name":"Z\u00e1kladn\u00ed \u0161kola","description":"","potentialAction":[{"@type":"SearchAction","target":{"@type":"EntryPoint","urlTemplate":"https:\/\/www.sion.cz\/zakladni-skola\/?s={search_term_string}"},"query-input":{"@type":"PropertyValueSpecification","valueRequired":true,"valueName":"search_term_string"}}],"inLanguage":"cs"}]}},"_links":{"self":[{"href":"https:\/\/www.sion.cz\/zakladni-skola\/wp-json\/wp\/v2\/pages\/70","targetHints":{"allow":["GET"]}}],"collection":[{"href":"https:\/\/www.sion.cz\/zakladni-skola\/wp-json\/wp\/v2\/pages"}],"about":[{"href":"https:\/\/www.sion.cz\/zakladni-skola\/wp-json\/wp\/v2\/types\/page"}],"author":[{"embeddable":true,"href":"https:\/\/www.sion.cz\/zakladni-skola\/wp-json\/wp\/v2\/users\/6"}],"replies":[{"embeddable":true,"href":"https:\/\/www.sion.cz\/zakladni-skola\/wp-json\/wp\/v2\/comments?post=70"}],"version-history":[{"count":9,"href":"https:\/\/www.sion.cz\/zakladni-skola\/wp-json\/wp\/v2\/pages\/70\/revisions"}],"predecessor-version":[{"id":1249,"href":"https:\/\/www.sion.cz\/zakladni-skola\/wp-json\/wp\/v2\/pages\/70\/revisions\/1249"}],"wp:featuredmedia":[{"embeddable":true,"href":"https:\/\/www.sion.cz\/zakladni-skola\/wp-json\/wp\/v2\/media\/1236"}],"wp:attachment":[{"href":"https:\/\/www.sion.cz\/zakladni-skola\/wp-json\/wp\/v2\/media?parent=70"}],"curies":[{"name":"wp","href":"https:\/\/api.w.org\/{rel}","templated":true}]}}