{"id":869,"date":"2023-05-22T15:34:13","date_gmt":"2023-05-22T13:34:13","guid":{"rendered":"https:\/\/www.sion.cz\/zakladni-skola\/?page_id=869"},"modified":"2026-01-28T12:43:59","modified_gmt":"2026-01-28T11:43:59","slug":"skolne","status":"publish","type":"page","link":"https:\/\/www.sion.cz\/zakladni-skola\/skolne\/","title":{"rendered":"\u0160koln\u00e9"},"content":{"rendered":"","protected":false},"excerpt":{"rendered":"","protected":false},"author":14,"featured_media":0,"parent":0,"menu_order":0,"comment_status":"closed","ping_status":"closed","template":"","meta":{"_acf_changed":false,"footnotes":""},"class_list":["post-869","page","type-page","status-publish","hentry"],"acf":[],"yoast_head":"<!-- This site is optimized with the Yoast SEO plugin v27.4 - https:\/\/yoast.com\/product\/yoast-seo-wordpress\/ -->\n<title>\u0160koln\u00e9 - Z\u00e1kladn\u00ed \u0161kola<\/title>\n<meta name=\"robots\" content=\"index, follow, max-snippet:-1, max-image-preview:large, max-video-preview:-1\" \/>\n<link rel=\"canonical\" href=\"https:\/\/www.sion.cz\/zakladni-skola\/skolne\/\" \/>\n<meta property=\"og:locale\" content=\"cs_CZ\" \/>\n<meta property=\"og:type\" content=\"article\" \/>\n<meta property=\"og:title\" content=\"\u0160koln\u00e9 - Z\u00e1kladn\u00ed \u0161kola\" \/>\n<meta property=\"og:url\" content=\"https:\/\/www.sion.cz\/zakladni-skola\/skolne\/\" \/>\n<meta property=\"og:site_name\" content=\"Z\u00e1kladn\u00ed \u0161kola\" \/>\n<meta property=\"article:modified_time\" content=\"2026-01-28T11:43:59+00:00\" \/>\n<meta name=\"twitter:card\" content=\"summary_large_image\" \/>\n<script type=\"application\/ld+json\" class=\"yoast-schema-graph\">{\"@context\":\"https:\\\/\\\/schema.org\",\"@graph\":[{\"@type\":\"WebPage\",\"@id\":\"https:\\\/\\\/www.sion.cz\\\/zakladni-skola\\\/skolne\\\/\",\"url\":\"https:\\\/\\\/www.sion.cz\\\/zakladni-skola\\\/skolne\\\/\",\"name\":\"\u0160koln\u00e9 - Z\u00e1kladn\u00ed \u0161kola\",\"isPartOf\":{\"@id\":\"https:\\\/\\\/www.sion.cz\\\/zakladni-skola\\\/#website\"},\"datePublished\":\"2023-05-22T13:34:13+00:00\",\"dateModified\":\"2026-01-28T11:43:59+00:00\",\"breadcrumb\":{\"@id\":\"https:\\\/\\\/www.sion.cz\\\/zakladni-skola\\\/skolne\\\/#breadcrumb\"},\"inLanguage\":\"cs\",\"potentialAction\":[{\"@type\":\"ReadAction\",\"target\":[\"https:\\\/\\\/www.sion.cz\\\/zakladni-skola\\\/skolne\\\/\"]}]},{\"@type\":\"BreadcrumbList\",\"@id\":\"https:\\\/\\\/www.sion.cz\\\/zakladni-skola\\\/skolne\\\/#breadcrumb\",\"itemListElement\":[{\"@type\":\"ListItem\",\"position\":1,\"name\":\"Dom\u016f\",\"item\":\"https:\\\/\\\/www.sion.cz\\\/zakladni-skola\\\/\"},{\"@type\":\"ListItem\",\"position\":2,\"name\":\"\u0160koln\u00e9\"}]},{\"@type\":\"WebSite\",\"@id\":\"https:\\\/\\\/www.sion.cz\\\/zakladni-skola\\\/#website\",\"url\":\"https:\\\/\\\/www.sion.cz\\\/zakladni-skola\\\/\",\"name\":\"Z\u00e1kladn\u00ed \u0161kola\",\"description\":\"\",\"potentialAction\":[{\"@type\":\"SearchAction\",\"target\":{\"@type\":\"EntryPoint\",\"urlTemplate\":\"https:\\\/\\\/www.sion.cz\\\/zakladni-skola\\\/?s={search_term_string}\"},\"query-input\":{\"@type\":\"PropertyValueSpecification\",\"valueRequired\":true,\"valueName\":\"search_term_string\"}}],\"inLanguage\":\"cs\"}]}<\/script>\n<!-- \/ Yoast SEO plugin. -->","yoast_head_json":{"title":"\u0160koln\u00e9 - Z\u00e1kladn\u00ed \u0161kola","robots":{"index":"index","follow":"follow","max-snippet":"max-snippet:-1","max-image-preview":"max-image-preview:large","max-video-preview":"max-video-preview:-1"},"canonical":"https:\/\/www.sion.cz\/zakladni-skola\/skolne\/","og_locale":"cs_CZ","og_type":"article","og_title":"\u0160koln\u00e9 - Z\u00e1kladn\u00ed \u0161kola","og_url":"https:\/\/www.sion.cz\/zakladni-skola\/skolne\/","og_site_name":"Z\u00e1kladn\u00ed \u0161kola","article_modified_time":"2026-01-28T11:43:59+00:00","twitter_card":"summary_large_image","schema":{"@context":"https:\/\/schema.org","@graph":[{"@type":"WebPage","@id":"https:\/\/www.sion.cz\/zakladni-skola\/skolne\/","url":"https:\/\/www.sion.cz\/zakladni-skola\/skolne\/","name":"\u0160koln\u00e9 - Z\u00e1kladn\u00ed \u0161kola","isPartOf":{"@id":"https:\/\/www.sion.cz\/zakladni-skola\/#website"},"datePublished":"2023-05-22T13:34:13+00:00","dateModified":"2026-01-28T11:43:59+00:00","breadcrumb":{"@id":"https:\/\/www.sion.cz\/zakladni-skola\/skolne\/#breadcrumb"},"inLanguage":"cs","potentialAction":[{"@type":"ReadAction","target":["https:\/\/www.sion.cz\/zakladni-skola\/skolne\/"]}]},{"@type":"BreadcrumbList","@id":"https:\/\/www.sion.cz\/zakladni-skola\/skolne\/#breadcrumb","itemListElement":[{"@type":"ListItem","position":1,"name":"Dom\u016f","item":"https:\/\/www.sion.cz\/zakladni-skola\/"},{"@type":"ListItem","position":2,"name":"\u0160koln\u00e9"}]},{"@type":"WebSite","@id":"https:\/\/www.sion.cz\/zakladni-skola\/#website","url":"https:\/\/www.sion.cz\/zakladni-skola\/","name":"Z\u00e1kladn\u00ed \u0161kola","description":"","potentialAction":[{"@type":"SearchAction","target":{"@type":"EntryPoint","urlTemplate":"https:\/\/www.sion.cz\/zakladni-skola\/?s={search_term_string}"},"query-input":{"@type":"PropertyValueSpecification","valueRequired":true,"valueName":"search_term_string"}}],"inLanguage":"cs"}]}},"_links":{"self":[{"href":"https:\/\/www.sion.cz\/zakladni-skola\/wp-json\/wp\/v2\/pages\/869","targetHints":{"allow":["GET"]}}],"collection":[{"href":"https:\/\/www.sion.cz\/zakladni-skola\/wp-json\/wp\/v2\/pages"}],"about":[{"href":"https:\/\/www.sion.cz\/zakladni-skola\/wp-json\/wp\/v2\/types\/page"}],"author":[{"embeddable":true,"href":"https:\/\/www.sion.cz\/zakladni-skola\/wp-json\/wp\/v2\/users\/14"}],"replies":[{"embeddable":true,"href":"https:\/\/www.sion.cz\/zakladni-skola\/wp-json\/wp\/v2\/comments?post=869"}],"version-history":[{"count":5,"href":"https:\/\/www.sion.cz\/zakladni-skola\/wp-json\/wp\/v2\/pages\/869\/revisions"}],"predecessor-version":[{"id":1533,"href":"https:\/\/www.sion.cz\/zakladni-skola\/wp-json\/wp\/v2\/pages\/869\/revisions\/1533"}],"wp:attachment":[{"href":"https:\/\/www.sion.cz\/zakladni-skola\/wp-json\/wp\/v2\/media?parent=869"}],"curies":[{"name":"wp","href":"https:\/\/api.w.org\/{rel}","templated":true}]}}